{"id":966,"date":"2019-09-14T18:32:12","date_gmt":"2019-09-14T16:32:12","guid":{"rendered":"https:\/\/www.rijstaldeblinkert.nl\/rijstal-de-blinkert\/?page_id=966"},"modified":"2019-09-15T00:27:43","modified_gmt":"2019-09-14T22:27:43","slug":"ferienjobs","status":"publish","type":"page","link":"https:\/\/www.rijstaldeblinkert.nl\/rijstal-de-blinkert\/de\/ferienjobs\/","title":{"rendered":"Ferienjobs"},"content":{"rendered":"<p>Kannst du gut mit Pferden umgehen und dir gut vorstellen in den Wochenenden und\/oder den Ferien bei uns zu arbeiten?<\/p>\n<p>Wir suchen regelm\u00e4ssig neue Mitarbeiter. Gut Reiten zu k\u00f6nnen und Niederl\u00e4ndischkenntnisse (oder die Bereitschaft es schnell zu lernen) sind ein Muss. Bewerben kannst du dich <a href=\"https:\/\/www.rijstaldeblinkert.nl\/rijstal-de-blinkert\/de\/kontaktformular-2\/\"><u>per Mail<\/u><\/a> bei Mark Manje.<\/p>\n<p>&nbsp;<\/p>\n<p><a href=\"https:\/\/www.rijstaldeblinkert.nl\/wp-content\/uploads\/2018\/09\/Vacature-rijstal-de-blinkert.jpg\"><img loading=\"lazy\" decoding=\"async\" class=\"alignnone wp-image-576 size-full\" src=\"https:\/\/www.rijstaldeblinkert.nl\/wp-content\/uploads\/2018\/09\/Vacature-rijstal-de-blinkert.jpg\" alt=\"vacature rijstal de blinkert\" width=\"900\" height=\"506\" srcset=\"https:\/\/www.rijstaldeblinkert.nl\/wp-content\/uploads\/2018\/09\/Vacature-rijstal-de-blinkert.jpg 900w, https:\/\/www.rijstaldeblinkert.nl\/wp-content\/uploads\/2018\/09\/Vacature-rijstal-de-blinkert-430x242.jpg 430w, https:\/\/www.rijstaldeblinkert.nl\/wp-content\/uploads\/2018\/09\/Vacature-rijstal-de-blinkert-768x432.jpg 768w, https:\/\/www.rijstaldeblinkert.nl\/wp-content\/uploads\/2018\/09\/Vacature-rijstal-de-blinkert-860x484.jpg 860w, https:\/\/www.rijstaldeblinkert.nl\/wp-content\/uploads\/2018\/09\/Vacature-rijstal-de-blinkert-528x297.jpg 528w\" sizes=\"auto, (max-width: 900px) 100vw, 900px\" \/><\/a><\/p>\n<p>&nbsp;<\/p>\n","protected":false},"excerpt":{"rendered":"<p>Kannst du gut mit Pferden umgehen und dir gut vorstellen in den Wochenenden und\/oder den Ferien bei uns zu arbeiten? Wir suchen regelm\u00e4ssig neue Mitarbeiter. Gut Reiten zu k\u00f6nnen und Niederl\u00e4ndischkenntnisse (oder die Bereitschaft es schnell zu lernen) sind ein Muss. Bewerben kannst du dich per Mail bei Mark Manje. &nbsp; &nbsp;<\/p>\n","protected":false},"author":1,"featured_media":0,"parent":0,"menu_order":0,"comment_status":"closed","ping_status":"closed","template":"","meta":{"_exactmetrics_skip_tracking":false,"_exactmetrics_sitenote_active":false,"_exactmetrics_sitenote_note":"","_exactmetrics_sitenote_category":0,"footnotes":""},"class_list":["post-966","page","type-page","status-publish","czr-hentry"],"yoast_head":"<!-- This site is optimized with the Yoast SEO plugin v27.3 - https:\/\/yoast.com\/product\/yoast-seo-wordpress\/ -->\n<title>Ferienjobs - Rijstal De Blinkert<\/title>\n<meta name=\"description\" content=\"Interessieren Sie sich f\u00fcr Pferde und m\u00f6chten Sie an Wochenenden und \/ oder Feiertagen bei uns arbeiten? Wir suchen regelm\u00e4ssig neue Mitarbeiter.\" \/>\n<meta name=\"robots\" content=\"index, follow, max-snippet:-1, max-image-preview:large, max-video-preview:-1\" \/>\n<link rel=\"canonical\" href=\"https:\/\/www.rijstaldeblinkert.nl\/rijstal-de-blinkert\/de\/ferienjobs\/\" \/>\n<meta property=\"og:locale\" content=\"nl_NL\" \/>\n<meta property=\"og:type\" content=\"article\" \/>\n<meta property=\"og:title\" content=\"Ferienjobs - Rijstal De Blinkert\" \/>\n<meta property=\"og:description\" content=\"Interessieren Sie sich f\u00fcr Pferde und m\u00f6chten Sie an Wochenenden und \/ oder Feiertagen bei uns arbeiten? Wir suchen regelm\u00e4ssig neue Mitarbeiter.\" \/>\n<meta property=\"og:url\" content=\"https:\/\/www.rijstaldeblinkert.nl\/rijstal-de-blinkert\/de\/ferienjobs\/\" \/>\n<meta property=\"og:site_name\" content=\"Rijstal De Blinkert\" \/>\n<meta property=\"article:publisher\" content=\"https:\/\/www.facebook.com\/rijstaldeblinkert\/\" \/>\n<meta property=\"article:modified_time\" content=\"2019-09-14T22:27:43+00:00\" \/>\n<meta property=\"og:image\" content=\"https:\/\/www.rijstaldeblinkert.nl\/wp-content\/uploads\/2018\/09\/Vacature-rijstal-de-blinkert.jpg\" \/>\n<meta name=\"twitter:card\" content=\"summary_large_image\" \/>\n<script type=\"application\/ld+json\" class=\"yoast-schema-graph\">{\"@context\":\"https:\\\/\\\/schema.org\",\"@graph\":[{\"@type\":\"WebPage\",\"@id\":\"https:\\\/\\\/www.rijstaldeblinkert.nl\\\/rijstal-de-blinkert\\\/de\\\/ferienjobs\\\/\",\"url\":\"https:\\\/\\\/www.rijstaldeblinkert.nl\\\/rijstal-de-blinkert\\\/de\\\/ferienjobs\\\/\",\"name\":\"Ferienjobs - Rijstal De Blinkert\",\"isPartOf\":{\"@id\":\"https:\\\/\\\/www.rijstaldeblinkert.nl\\\/rijstal-de-blinkert\\\/#website\"},\"primaryImageOfPage\":{\"@id\":\"https:\\\/\\\/www.rijstaldeblinkert.nl\\\/rijstal-de-blinkert\\\/de\\\/ferienjobs\\\/#primaryimage\"},\"image\":{\"@id\":\"https:\\\/\\\/www.rijstaldeblinkert.nl\\\/rijstal-de-blinkert\\\/de\\\/ferienjobs\\\/#primaryimage\"},\"thumbnailUrl\":\"https:\\\/\\\/www.rijstaldeblinkert.nl\\\/wp-content\\\/uploads\\\/2018\\\/09\\\/Vacature-rijstal-de-blinkert.jpg\",\"datePublished\":\"2019-09-14T16:32:12+00:00\",\"dateModified\":\"2019-09-14T22:27:43+00:00\",\"description\":\"Interessieren Sie sich f\u00fcr Pferde und m\u00f6chten Sie an Wochenenden und \\\/ oder Feiertagen bei uns arbeiten? Wir suchen regelm\u00e4ssig neue Mitarbeiter.\",\"breadcrumb\":{\"@id\":\"https:\\\/\\\/www.rijstaldeblinkert.nl\\\/rijstal-de-blinkert\\\/de\\\/ferienjobs\\\/#breadcrumb\"},\"inLanguage\":\"nl-NL\",\"potentialAction\":[{\"@type\":\"ReadAction\",\"target\":[\"https:\\\/\\\/www.rijstaldeblinkert.nl\\\/rijstal-de-blinkert\\\/de\\\/ferienjobs\\\/\"]}]},{\"@type\":\"ImageObject\",\"inLanguage\":\"nl-NL\",\"@id\":\"https:\\\/\\\/www.rijstaldeblinkert.nl\\\/rijstal-de-blinkert\\\/de\\\/ferienjobs\\\/#primaryimage\",\"url\":\"https:\\\/\\\/www.rijstaldeblinkert.nl\\\/wp-content\\\/uploads\\\/2018\\\/09\\\/Vacature-rijstal-de-blinkert.jpg\",\"contentUrl\":\"https:\\\/\\\/www.rijstaldeblinkert.nl\\\/wp-content\\\/uploads\\\/2018\\\/09\\\/Vacature-rijstal-de-blinkert.jpg\"},{\"@type\":\"BreadcrumbList\",\"@id\":\"https:\\\/\\\/www.rijstaldeblinkert.nl\\\/rijstal-de-blinkert\\\/de\\\/ferienjobs\\\/#breadcrumb\",\"itemListElement\":[{\"@type\":\"ListItem\",\"position\":1,\"name\":\"Home\",\"item\":\"https:\\\/\\\/www.rijstaldeblinkert.nl\\\/rijstal-de-blinkert\\\/\"},{\"@type\":\"ListItem\",\"position\":2,\"name\":\"Ferienjobs\"}]},{\"@type\":\"WebSite\",\"@id\":\"https:\\\/\\\/www.rijstaldeblinkert.nl\\\/rijstal-de-blinkert\\\/#website\",\"url\":\"https:\\\/\\\/www.rijstaldeblinkert.nl\\\/rijstal-de-blinkert\\\/\",\"name\":\"Rijstal De Blinkert\",\"description\":\"Strandritten | Vakantiestalling\",\"publisher\":{\"@id\":\"https:\\\/\\\/www.rijstaldeblinkert.nl\\\/rijstal-de-blinkert\\\/#organization\"},\"potentialAction\":[{\"@type\":\"SearchAction\",\"target\":{\"@type\":\"EntryPoint\",\"urlTemplate\":\"https:\\\/\\\/www.rijstaldeblinkert.nl\\\/rijstal-de-blinkert\\\/?s={search_term_string}\"},\"query-input\":{\"@type\":\"PropertyValueSpecification\",\"valueRequired\":true,\"valueName\":\"search_term_string\"}}],\"inLanguage\":\"nl-NL\"},{\"@type\":\"Organization\",\"@id\":\"https:\\\/\\\/www.rijstaldeblinkert.nl\\\/rijstal-de-blinkert\\\/#organization\",\"name\":\"Rijstal De Blinkert\",\"url\":\"https:\\\/\\\/www.rijstaldeblinkert.nl\\\/rijstal-de-blinkert\\\/\",\"logo\":{\"@type\":\"ImageObject\",\"inLanguage\":\"nl-NL\",\"@id\":\"https:\\\/\\\/www.rijstaldeblinkert.nl\\\/rijstal-de-blinkert\\\/#\\\/schema\\\/logo\\\/image\\\/\",\"url\":\"https:\\\/\\\/www.rijstaldeblinkert.nl\\\/wp-content\\\/uploads\\\/2018\\\/09\\\/Rijstal-De-Blinkert-Ameland-Logo.jpg\",\"contentUrl\":\"https:\\\/\\\/www.rijstaldeblinkert.nl\\\/wp-content\\\/uploads\\\/2018\\\/09\\\/Rijstal-De-Blinkert-Ameland-Logo.jpg\",\"width\":600,\"height\":600,\"caption\":\"Rijstal De Blinkert\"},\"image\":{\"@id\":\"https:\\\/\\\/www.rijstaldeblinkert.nl\\\/rijstal-de-blinkert\\\/#\\\/schema\\\/logo\\\/image\\\/\"},\"sameAs\":[\"https:\\\/\\\/www.facebook.com\\\/rijstaldeblinkert\\\/\",\"https:\\\/\\\/www.instagram.com\\\/rijstaldeblinkert\\\/\"]}]}<\/script>\n<!-- \/ Yoast SEO plugin. -->","yoast_head_json":{"title":"Ferienjobs - Rijstal De Blinkert","description":"Interessieren Sie sich f\u00fcr Pferde und m\u00f6chten Sie an Wochenenden und \/ oder Feiertagen bei uns arbeiten? Wir suchen regelm\u00e4ssig neue Mitarbeiter.","robots":{"index":"index","follow":"follow","max-snippet":"max-snippet:-1","max-image-preview":"max-image-preview:large","max-video-preview":"max-video-preview:-1"},"canonical":"https:\/\/www.rijstaldeblinkert.nl\/rijstal-de-blinkert\/de\/ferienjobs\/","og_locale":"nl_NL","og_type":"article","og_title":"Ferienjobs - Rijstal De Blinkert","og_description":"Interessieren Sie sich f\u00fcr Pferde und m\u00f6chten Sie an Wochenenden und \/ oder Feiertagen bei uns arbeiten? Wir suchen regelm\u00e4ssig neue Mitarbeiter.","og_url":"https:\/\/www.rijstaldeblinkert.nl\/rijstal-de-blinkert\/de\/ferienjobs\/","og_site_name":"Rijstal De Blinkert","article_publisher":"https:\/\/www.facebook.com\/rijstaldeblinkert\/","article_modified_time":"2019-09-14T22:27:43+00:00","og_image":[{"url":"https:\/\/www.rijstaldeblinkert.nl\/wp-content\/uploads\/2018\/09\/Vacature-rijstal-de-blinkert.jpg","type":"","width":"","height":""}],"twitter_card":"summary_large_image","schema":{"@context":"https:\/\/schema.org","@graph":[{"@type":"WebPage","@id":"https:\/\/www.rijstaldeblinkert.nl\/rijstal-de-blinkert\/de\/ferienjobs\/","url":"https:\/\/www.rijstaldeblinkert.nl\/rijstal-de-blinkert\/de\/ferienjobs\/","name":"Ferienjobs - Rijstal De Blinkert","isPartOf":{"@id":"https:\/\/www.rijstaldeblinkert.nl\/rijstal-de-blinkert\/#website"},"primaryImageOfPage":{"@id":"https:\/\/www.rijstaldeblinkert.nl\/rijstal-de-blinkert\/de\/ferienjobs\/#primaryimage"},"image":{"@id":"https:\/\/www.rijstaldeblinkert.nl\/rijstal-de-blinkert\/de\/ferienjobs\/#primaryimage"},"thumbnailUrl":"https:\/\/www.rijstaldeblinkert.nl\/wp-content\/uploads\/2018\/09\/Vacature-rijstal-de-blinkert.jpg","datePublished":"2019-09-14T16:32:12+00:00","dateModified":"2019-09-14T22:27:43+00:00","description":"Interessieren Sie sich f\u00fcr Pferde und m\u00f6chten Sie an Wochenenden und \/ oder Feiertagen bei uns arbeiten? Wir suchen regelm\u00e4ssig neue Mitarbeiter.","breadcrumb":{"@id":"https:\/\/www.rijstaldeblinkert.nl\/rijstal-de-blinkert\/de\/ferienjobs\/#breadcrumb"},"inLanguage":"nl-NL","potentialAction":[{"@type":"ReadAction","target":["https:\/\/www.rijstaldeblinkert.nl\/rijstal-de-blinkert\/de\/ferienjobs\/"]}]},{"@type":"ImageObject","inLanguage":"nl-NL","@id":"https:\/\/www.rijstaldeblinkert.nl\/rijstal-de-blinkert\/de\/ferienjobs\/#primaryimage","url":"https:\/\/www.rijstaldeblinkert.nl\/wp-content\/uploads\/2018\/09\/Vacature-rijstal-de-blinkert.jpg","contentUrl":"https:\/\/www.rijstaldeblinkert.nl\/wp-content\/uploads\/2018\/09\/Vacature-rijstal-de-blinkert.jpg"},{"@type":"BreadcrumbList","@id":"https:\/\/www.rijstaldeblinkert.nl\/rijstal-de-blinkert\/de\/ferienjobs\/#breadcrumb","itemListElement":[{"@type":"ListItem","position":1,"name":"Home","item":"https:\/\/www.rijstaldeblinkert.nl\/rijstal-de-blinkert\/"},{"@type":"ListItem","position":2,"name":"Ferienjobs"}]},{"@type":"WebSite","@id":"https:\/\/www.rijstaldeblinkert.nl\/rijstal-de-blinkert\/#website","url":"https:\/\/www.rijstaldeblinkert.nl\/rijstal-de-blinkert\/","name":"Rijstal De Blinkert","description":"Strandritten | Vakantiestalling","publisher":{"@id":"https:\/\/www.rijstaldeblinkert.nl\/rijstal-de-blinkert\/#organization"},"potentialAction":[{"@type":"SearchAction","target":{"@type":"EntryPoint","urlTemplate":"https:\/\/www.rijstaldeblinkert.nl\/rijstal-de-blinkert\/?s={search_term_string}"},"query-input":{"@type":"PropertyValueSpecification","valueRequired":true,"valueName":"search_term_string"}}],"inLanguage":"nl-NL"},{"@type":"Organization","@id":"https:\/\/www.rijstaldeblinkert.nl\/rijstal-de-blinkert\/#organization","name":"Rijstal De Blinkert","url":"https:\/\/www.rijstaldeblinkert.nl\/rijstal-de-blinkert\/","logo":{"@type":"ImageObject","inLanguage":"nl-NL","@id":"https:\/\/www.rijstaldeblinkert.nl\/rijstal-de-blinkert\/#\/schema\/logo\/image\/","url":"https:\/\/www.rijstaldeblinkert.nl\/wp-content\/uploads\/2018\/09\/Rijstal-De-Blinkert-Ameland-Logo.jpg","contentUrl":"https:\/\/www.rijstaldeblinkert.nl\/wp-content\/uploads\/2018\/09\/Rijstal-De-Blinkert-Ameland-Logo.jpg","width":600,"height":600,"caption":"Rijstal De Blinkert"},"image":{"@id":"https:\/\/www.rijstaldeblinkert.nl\/rijstal-de-blinkert\/#\/schema\/logo\/image\/"},"sameAs":["https:\/\/www.facebook.com\/rijstaldeblinkert\/","https:\/\/www.instagram.com\/rijstaldeblinkert\/"]}]}},"_links":{"self":[{"href":"https:\/\/www.rijstaldeblinkert.nl\/rijstal-de-blinkert\/wp-json\/wp\/v2\/pages\/966","targetHints":{"allow":["GET"]}}],"collection":[{"href":"https:\/\/www.rijstaldeblinkert.nl\/rijstal-de-blinkert\/wp-json\/wp\/v2\/pages"}],"about":[{"href":"https:\/\/www.rijstaldeblinkert.nl\/rijstal-de-blinkert\/wp-json\/wp\/v2\/types\/page"}],"author":[{"embeddable":true,"href":"https:\/\/www.rijstaldeblinkert.nl\/rijstal-de-blinkert\/wp-json\/wp\/v2\/users\/1"}],"replies":[{"embeddable":true,"href":"https:\/\/www.rijstaldeblinkert.nl\/rijstal-de-blinkert\/wp-json\/wp\/v2\/comments?post=966"}],"version-history":[{"count":2,"href":"https:\/\/www.rijstaldeblinkert.nl\/rijstal-de-blinkert\/wp-json\/wp\/v2\/pages\/966\/revisions"}],"predecessor-version":[{"id":1082,"href":"https:\/\/www.rijstaldeblinkert.nl\/rijstal-de-blinkert\/wp-json\/wp\/v2\/pages\/966\/revisions\/1082"}],"wp:attachment":[{"href":"https:\/\/www.rijstaldeblinkert.nl\/rijstal-de-blinkert\/wp-json\/wp\/v2\/media?parent=966"}],"curies":[{"name":"wp","href":"https:\/\/api.w.org\/{rel}","templated":true}]}}