{"id":951,"date":"2019-09-14T18:01:46","date_gmt":"2019-09-14T16:01:46","guid":{"rendered":"https:\/\/www.rijstaldeblinkert.nl\/rijstal-de-blinkert\/?page_id=951"},"modified":"2019-09-14T18:01:46","modified_gmt":"2019-09-14T16:01:46","slug":"strandritte-fuer-groessere-gruppen","status":"publish","type":"page","link":"https:\/\/www.rijstaldeblinkert.nl\/rijstal-de-blinkert\/de\/reitstall-de-blinkert-2\/strandritte-fuer-groessere-gruppen\/","title":{"rendered":"Strandritte f\u00fcr gr\u00f6ssere Gruppen"},"content":{"rendered":"<p>Planen Sie mit Ihrem Reitstall, Ihrer Schulklasse, der ganzen Familie oder einer gr\u00f6sseren (Freundes-)Gruppe einen Strandritt? Auf Grund unserer grossen Herde mit verschiedensten Rassen ist das bei uns m\u00f6glich.<\/p>\n<p>Nehmen Sie ruhig Kontakt mit uns auf und erkundigen Sie sich nach den Optionen, Preisen und freien Terminen.<\/p>\n<p><a href=\"https:\/\/www.rijstaldeblinkert.nl\/wp-content\/uploads\/2018\/09\/grote-groep-buitenrit-rijstal-de-blinkert.jpg\"><img loading=\"lazy\" decoding=\"async\" class=\"alignnone size-full wp-image-571\" src=\"https:\/\/www.rijstaldeblinkert.nl\/wp-content\/uploads\/2018\/09\/grote-groep-buitenrit-rijstal-de-blinkert.jpg\" alt=\"grote groep buitenrit\" width=\"900\" height=\"506\" srcset=\"https:\/\/www.rijstaldeblinkert.nl\/wp-content\/uploads\/2018\/09\/grote-groep-buitenrit-rijstal-de-blinkert.jpg 900w, https:\/\/www.rijstaldeblinkert.nl\/wp-content\/uploads\/2018\/09\/grote-groep-buitenrit-rijstal-de-blinkert-430x242.jpg 430w, https:\/\/www.rijstaldeblinkert.nl\/wp-content\/uploads\/2018\/09\/grote-groep-buitenrit-rijstal-de-blinkert-768x432.jpg 768w, https:\/\/www.rijstaldeblinkert.nl\/wp-content\/uploads\/2018\/09\/grote-groep-buitenrit-rijstal-de-blinkert-860x484.jpg 860w, https:\/\/www.rijstaldeblinkert.nl\/wp-content\/uploads\/2018\/09\/grote-groep-buitenrit-rijstal-de-blinkert-528x297.jpg 528w\" sizes=\"auto, (max-width: 900px) 100vw, 900px\" \/><\/a><\/p>\n","protected":false},"excerpt":{"rendered":"<p>Planen Sie mit Ihrem Reitstall, Ihrer Schulklasse, der ganzen Familie oder einer gr\u00f6sseren (Freundes-)Gruppe einen Strandritt? Auf Grund unserer grossen Herde mit verschiedensten Rassen ist das bei uns m\u00f6glich. Nehmen Sie ruhig Kontakt mit uns auf und erkundigen Sie sich nach den Optionen, Preisen und freien Terminen.<\/p>\n","protected":false},"author":1,"featured_media":0,"parent":861,"menu_order":0,"comment_status":"closed","ping_status":"closed","template":"","meta":{"_exactmetrics_skip_tracking":false,"_exactmetrics_sitenote_active":false,"_exactmetrics_sitenote_note":"","_exactmetrics_sitenote_category":0,"footnotes":""},"class_list":["post-951","page","type-page","status-publish","czr-hentry"],"yoast_head":"<!-- This site is optimized with the Yoast SEO plugin v27.3 - https:\/\/yoast.com\/product\/yoast-seo-wordpress\/ -->\n<title>Strandritte f\u00fcr gr\u00f6ssere Gruppen - Rijstal De Blinkert<\/title>\n<meta name=\"description\" content=\"M\u00f6chten Sie mit der Reitschule, der Schule, der ganzen Familie oder einer gro\u00dfen (Freunde-) Gruppe einen Ausritt im Reitstall De Blinkert machen?\" \/>\n<meta name=\"robots\" content=\"index, follow, max-snippet:-1, max-image-preview:large, max-video-preview:-1\" \/>\n<link rel=\"canonical\" href=\"https:\/\/www.rijstaldeblinkert.nl\/rijstal-de-blinkert\/de\/reitstall-de-blinkert-2\/strandritte-fuer-groessere-gruppen\/\" \/>\n<meta property=\"og:locale\" content=\"nl_NL\" \/>\n<meta property=\"og:type\" content=\"article\" \/>\n<meta property=\"og:title\" content=\"Strandritte f\u00fcr gr\u00f6ssere Gruppen - Rijstal De Blinkert\" \/>\n<meta property=\"og:description\" content=\"M\u00f6chten Sie mit der Reitschule, der Schule, der ganzen Familie oder einer gro\u00dfen (Freunde-) Gruppe einen Ausritt im Reitstall De Blinkert machen?\" \/>\n<meta property=\"og:url\" content=\"https:\/\/www.rijstaldeblinkert.nl\/rijstal-de-blinkert\/de\/reitstall-de-blinkert-2\/strandritte-fuer-groessere-gruppen\/\" \/>\n<meta property=\"og:site_name\" content=\"Rijstal De Blinkert\" \/>\n<meta property=\"article:publisher\" content=\"https:\/\/www.facebook.com\/rijstaldeblinkert\/\" \/>\n<meta property=\"og:image\" content=\"https:\/\/www.rijstaldeblinkert.nl\/wp-content\/uploads\/2018\/09\/grote-groep-buitenrit-rijstal-de-blinkert.jpg\" \/>\n<meta name=\"twitter:card\" content=\"summary_large_image\" \/>\n<script type=\"application\/ld+json\" class=\"yoast-schema-graph\">{\"@context\":\"https:\\\/\\\/schema.org\",\"@graph\":[{\"@type\":\"WebPage\",\"@id\":\"https:\\\/\\\/www.rijstaldeblinkert.nl\\\/rijstal-de-blinkert\\\/de\\\/reitstall-de-blinkert-2\\\/strandritte-fuer-groessere-gruppen\\\/\",\"url\":\"https:\\\/\\\/www.rijstaldeblinkert.nl\\\/rijstal-de-blinkert\\\/de\\\/reitstall-de-blinkert-2\\\/strandritte-fuer-groessere-gruppen\\\/\",\"name\":\"Strandritte f\u00fcr gr\u00f6ssere Gruppen - Rijstal De Blinkert\",\"isPartOf\":{\"@id\":\"https:\\\/\\\/www.rijstaldeblinkert.nl\\\/rijstal-de-blinkert\\\/#website\"},\"primaryImageOfPage\":{\"@id\":\"https:\\\/\\\/www.rijstaldeblinkert.nl\\\/rijstal-de-blinkert\\\/de\\\/reitstall-de-blinkert-2\\\/strandritte-fuer-groessere-gruppen\\\/#primaryimage\"},\"image\":{\"@id\":\"https:\\\/\\\/www.rijstaldeblinkert.nl\\\/rijstal-de-blinkert\\\/de\\\/reitstall-de-blinkert-2\\\/strandritte-fuer-groessere-gruppen\\\/#primaryimage\"},\"thumbnailUrl\":\"https:\\\/\\\/www.rijstaldeblinkert.nl\\\/wp-content\\\/uploads\\\/2018\\\/09\\\/grote-groep-buitenrit-rijstal-de-blinkert.jpg\",\"datePublished\":\"2019-09-14T16:01:46+00:00\",\"description\":\"M\u00f6chten Sie mit der Reitschule, der Schule, der ganzen Familie oder einer gro\u00dfen (Freunde-) Gruppe einen Ausritt im Reitstall De Blinkert machen?\",\"breadcrumb\":{\"@id\":\"https:\\\/\\\/www.rijstaldeblinkert.nl\\\/rijstal-de-blinkert\\\/de\\\/reitstall-de-blinkert-2\\\/strandritte-fuer-groessere-gruppen\\\/#breadcrumb\"},\"inLanguage\":\"nl-NL\",\"potentialAction\":[{\"@type\":\"ReadAction\",\"target\":[\"https:\\\/\\\/www.rijstaldeblinkert.nl\\\/rijstal-de-blinkert\\\/de\\\/reitstall-de-blinkert-2\\\/strandritte-fuer-groessere-gruppen\\\/\"]}]},{\"@type\":\"ImageObject\",\"inLanguage\":\"nl-NL\",\"@id\":\"https:\\\/\\\/www.rijstaldeblinkert.nl\\\/rijstal-de-blinkert\\\/de\\\/reitstall-de-blinkert-2\\\/strandritte-fuer-groessere-gruppen\\\/#primaryimage\",\"url\":\"https:\\\/\\\/www.rijstaldeblinkert.nl\\\/wp-content\\\/uploads\\\/2018\\\/09\\\/grote-groep-buitenrit-rijstal-de-blinkert.jpg\",\"contentUrl\":\"https:\\\/\\\/www.rijstaldeblinkert.nl\\\/wp-content\\\/uploads\\\/2018\\\/09\\\/grote-groep-buitenrit-rijstal-de-blinkert.jpg\"},{\"@type\":\"BreadcrumbList\",\"@id\":\"https:\\\/\\\/www.rijstaldeblinkert.nl\\\/rijstal-de-blinkert\\\/de\\\/reitstall-de-blinkert-2\\\/strandritte-fuer-groessere-gruppen\\\/#breadcrumb\",\"itemListElement\":[{\"@type\":\"ListItem\",\"position\":1,\"name\":\"Home\",\"item\":\"https:\\\/\\\/www.rijstaldeblinkert.nl\\\/rijstal-de-blinkert\\\/\"},{\"@type\":\"ListItem\",\"position\":2,\"name\":\"Reitstall De Blinkert\",\"item\":\"https:\\\/\\\/www.rijstaldeblinkert.nl\\\/rijstal-de-blinkert\\\/de\\\/reitstall-de-blinkert-2\\\/\"},{\"@type\":\"ListItem\",\"position\":3,\"name\":\"Strandritte f\u00fcr gr\u00f6ssere Gruppen\"}]},{\"@type\":\"WebSite\",\"@id\":\"https:\\\/\\\/www.rijstaldeblinkert.nl\\\/rijstal-de-blinkert\\\/#website\",\"url\":\"https:\\\/\\\/www.rijstaldeblinkert.nl\\\/rijstal-de-blinkert\\\/\",\"name\":\"Rijstal De Blinkert\",\"description\":\"Strandritten | Vakantiestalling\",\"publisher\":{\"@id\":\"https:\\\/\\\/www.rijstaldeblinkert.nl\\\/rijstal-de-blinkert\\\/#organization\"},\"potentialAction\":[{\"@type\":\"SearchAction\",\"target\":{\"@type\":\"EntryPoint\",\"urlTemplate\":\"https:\\\/\\\/www.rijstaldeblinkert.nl\\\/rijstal-de-blinkert\\\/?s={search_term_string}\"},\"query-input\":{\"@type\":\"PropertyValueSpecification\",\"valueRequired\":true,\"valueName\":\"search_term_string\"}}],\"inLanguage\":\"nl-NL\"},{\"@type\":\"Organization\",\"@id\":\"https:\\\/\\\/www.rijstaldeblinkert.nl\\\/rijstal-de-blinkert\\\/#organization\",\"name\":\"Rijstal De Blinkert\",\"url\":\"https:\\\/\\\/www.rijstaldeblinkert.nl\\\/rijstal-de-blinkert\\\/\",\"logo\":{\"@type\":\"ImageObject\",\"inLanguage\":\"nl-NL\",\"@id\":\"https:\\\/\\\/www.rijstaldeblinkert.nl\\\/rijstal-de-blinkert\\\/#\\\/schema\\\/logo\\\/image\\\/\",\"url\":\"https:\\\/\\\/www.rijstaldeblinkert.nl\\\/wp-content\\\/uploads\\\/2018\\\/09\\\/Rijstal-De-Blinkert-Ameland-Logo.jpg\",\"contentUrl\":\"https:\\\/\\\/www.rijstaldeblinkert.nl\\\/wp-content\\\/uploads\\\/2018\\\/09\\\/Rijstal-De-Blinkert-Ameland-Logo.jpg\",\"width\":600,\"height\":600,\"caption\":\"Rijstal De Blinkert\"},\"image\":{\"@id\":\"https:\\\/\\\/www.rijstaldeblinkert.nl\\\/rijstal-de-blinkert\\\/#\\\/schema\\\/logo\\\/image\\\/\"},\"sameAs\":[\"https:\\\/\\\/www.facebook.com\\\/rijstaldeblinkert\\\/\",\"https:\\\/\\\/www.instagram.com\\\/rijstaldeblinkert\\\/\"]}]}<\/script>\n<!-- \/ Yoast SEO plugin. -->","yoast_head_json":{"title":"Strandritte f\u00fcr gr\u00f6ssere Gruppen - Rijstal De Blinkert","description":"M\u00f6chten Sie mit der Reitschule, der Schule, der ganzen Familie oder einer gro\u00dfen (Freunde-) Gruppe einen Ausritt im Reitstall De Blinkert machen?","robots":{"index":"index","follow":"follow","max-snippet":"max-snippet:-1","max-image-preview":"max-image-preview:large","max-video-preview":"max-video-preview:-1"},"canonical":"https:\/\/www.rijstaldeblinkert.nl\/rijstal-de-blinkert\/de\/reitstall-de-blinkert-2\/strandritte-fuer-groessere-gruppen\/","og_locale":"nl_NL","og_type":"article","og_title":"Strandritte f\u00fcr gr\u00f6ssere Gruppen - Rijstal De Blinkert","og_description":"M\u00f6chten Sie mit der Reitschule, der Schule, der ganzen Familie oder einer gro\u00dfen (Freunde-) Gruppe einen Ausritt im Reitstall De Blinkert machen?","og_url":"https:\/\/www.rijstaldeblinkert.nl\/rijstal-de-blinkert\/de\/reitstall-de-blinkert-2\/strandritte-fuer-groessere-gruppen\/","og_site_name":"Rijstal De Blinkert","article_publisher":"https:\/\/www.facebook.com\/rijstaldeblinkert\/","og_image":[{"url":"https:\/\/www.rijstaldeblinkert.nl\/wp-content\/uploads\/2018\/09\/grote-groep-buitenrit-rijstal-de-blinkert.jpg","type":"","width":"","height":""}],"twitter_card":"summary_large_image","schema":{"@context":"https:\/\/schema.org","@graph":[{"@type":"WebPage","@id":"https:\/\/www.rijstaldeblinkert.nl\/rijstal-de-blinkert\/de\/reitstall-de-blinkert-2\/strandritte-fuer-groessere-gruppen\/","url":"https:\/\/www.rijstaldeblinkert.nl\/rijstal-de-blinkert\/de\/reitstall-de-blinkert-2\/strandritte-fuer-groessere-gruppen\/","name":"Strandritte f\u00fcr gr\u00f6ssere Gruppen - Rijstal De Blinkert","isPartOf":{"@id":"https:\/\/www.rijstaldeblinkert.nl\/rijstal-de-blinkert\/#website"},"primaryImageOfPage":{"@id":"https:\/\/www.rijstaldeblinkert.nl\/rijstal-de-blinkert\/de\/reitstall-de-blinkert-2\/strandritte-fuer-groessere-gruppen\/#primaryimage"},"image":{"@id":"https:\/\/www.rijstaldeblinkert.nl\/rijstal-de-blinkert\/de\/reitstall-de-blinkert-2\/strandritte-fuer-groessere-gruppen\/#primaryimage"},"thumbnailUrl":"https:\/\/www.rijstaldeblinkert.nl\/wp-content\/uploads\/2018\/09\/grote-groep-buitenrit-rijstal-de-blinkert.jpg","datePublished":"2019-09-14T16:01:46+00:00","description":"M\u00f6chten Sie mit der Reitschule, der Schule, der ganzen Familie oder einer gro\u00dfen (Freunde-) Gruppe einen Ausritt im Reitstall De Blinkert machen?","breadcrumb":{"@id":"https:\/\/www.rijstaldeblinkert.nl\/rijstal-de-blinkert\/de\/reitstall-de-blinkert-2\/strandritte-fuer-groessere-gruppen\/#breadcrumb"},"inLanguage":"nl-NL","potentialAction":[{"@type":"ReadAction","target":["https:\/\/www.rijstaldeblinkert.nl\/rijstal-de-blinkert\/de\/reitstall-de-blinkert-2\/strandritte-fuer-groessere-gruppen\/"]}]},{"@type":"ImageObject","inLanguage":"nl-NL","@id":"https:\/\/www.rijstaldeblinkert.nl\/rijstal-de-blinkert\/de\/reitstall-de-blinkert-2\/strandritte-fuer-groessere-gruppen\/#primaryimage","url":"https:\/\/www.rijstaldeblinkert.nl\/wp-content\/uploads\/2018\/09\/grote-groep-buitenrit-rijstal-de-blinkert.jpg","contentUrl":"https:\/\/www.rijstaldeblinkert.nl\/wp-content\/uploads\/2018\/09\/grote-groep-buitenrit-rijstal-de-blinkert.jpg"},{"@type":"BreadcrumbList","@id":"https:\/\/www.rijstaldeblinkert.nl\/rijstal-de-blinkert\/de\/reitstall-de-blinkert-2\/strandritte-fuer-groessere-gruppen\/#breadcrumb","itemListElement":[{"@type":"ListItem","position":1,"name":"Home","item":"https:\/\/www.rijstaldeblinkert.nl\/rijstal-de-blinkert\/"},{"@type":"ListItem","position":2,"name":"Reitstall De Blinkert","item":"https:\/\/www.rijstaldeblinkert.nl\/rijstal-de-blinkert\/de\/reitstall-de-blinkert-2\/"},{"@type":"ListItem","position":3,"name":"Strandritte f\u00fcr gr\u00f6ssere Gruppen"}]},{"@type":"WebSite","@id":"https:\/\/www.rijstaldeblinkert.nl\/rijstal-de-blinkert\/#website","url":"https:\/\/www.rijstaldeblinkert.nl\/rijstal-de-blinkert\/","name":"Rijstal De Blinkert","description":"Strandritten | Vakantiestalling","publisher":{"@id":"https:\/\/www.rijstaldeblinkert.nl\/rijstal-de-blinkert\/#organization"},"potentialAction":[{"@type":"SearchAction","target":{"@type":"EntryPoint","urlTemplate":"https:\/\/www.rijstaldeblinkert.nl\/rijstal-de-blinkert\/?s={search_term_string}"},"query-input":{"@type":"PropertyValueSpecification","valueRequired":true,"valueName":"search_term_string"}}],"inLanguage":"nl-NL"},{"@type":"Organization","@id":"https:\/\/www.rijstaldeblinkert.nl\/rijstal-de-blinkert\/#organization","name":"Rijstal De Blinkert","url":"https:\/\/www.rijstaldeblinkert.nl\/rijstal-de-blinkert\/","logo":{"@type":"ImageObject","inLanguage":"nl-NL","@id":"https:\/\/www.rijstaldeblinkert.nl\/rijstal-de-blinkert\/#\/schema\/logo\/image\/","url":"https:\/\/www.rijstaldeblinkert.nl\/wp-content\/uploads\/2018\/09\/Rijstal-De-Blinkert-Ameland-Logo.jpg","contentUrl":"https:\/\/www.rijstaldeblinkert.nl\/wp-content\/uploads\/2018\/09\/Rijstal-De-Blinkert-Ameland-Logo.jpg","width":600,"height":600,"caption":"Rijstal De Blinkert"},"image":{"@id":"https:\/\/www.rijstaldeblinkert.nl\/rijstal-de-blinkert\/#\/schema\/logo\/image\/"},"sameAs":["https:\/\/www.facebook.com\/rijstaldeblinkert\/","https:\/\/www.instagram.com\/rijstaldeblinkert\/"]}]}},"_links":{"self":[{"href":"https:\/\/www.rijstaldeblinkert.nl\/rijstal-de-blinkert\/wp-json\/wp\/v2\/pages\/951","targetHints":{"allow":["GET"]}}],"collection":[{"href":"https:\/\/www.rijstaldeblinkert.nl\/rijstal-de-blinkert\/wp-json\/wp\/v2\/pages"}],"about":[{"href":"https:\/\/www.rijstaldeblinkert.nl\/rijstal-de-blinkert\/wp-json\/wp\/v2\/types\/page"}],"author":[{"embeddable":true,"href":"https:\/\/www.rijstaldeblinkert.nl\/rijstal-de-blinkert\/wp-json\/wp\/v2\/users\/1"}],"replies":[{"embeddable":true,"href":"https:\/\/www.rijstaldeblinkert.nl\/rijstal-de-blinkert\/wp-json\/wp\/v2\/comments?post=951"}],"version-history":[{"count":1,"href":"https:\/\/www.rijstaldeblinkert.nl\/rijstal-de-blinkert\/wp-json\/wp\/v2\/pages\/951\/revisions"}],"predecessor-version":[{"id":952,"href":"https:\/\/www.rijstaldeblinkert.nl\/rijstal-de-blinkert\/wp-json\/wp\/v2\/pages\/951\/revisions\/952"}],"up":[{"embeddable":true,"href":"https:\/\/www.rijstaldeblinkert.nl\/rijstal-de-blinkert\/wp-json\/wp\/v2\/pages\/861"}],"wp:attachment":[{"href":"https:\/\/www.rijstaldeblinkert.nl\/rijstal-de-blinkert\/wp-json\/wp\/v2\/media?parent=951"}],"curies":[{"name":"wp","href":"https:\/\/api.w.org\/{rel}","templated":true}]}}