{"id":861,"date":"2019-09-13T16:18:52","date_gmt":"2019-09-13T14:18:52","guid":{"rendered":"https:\/\/www.rijstaldeblinkert.nl\/rijstal-de-blinkert\/?page_id=861"},"modified":"2025-01-26T21:56:51","modified_gmt":"2025-01-26T19:56:51","slug":"reitstall-de-blinkert-2","status":"publish","type":"page","link":"https:\/\/www.rijstaldeblinkert.nl\/rijstal-de-blinkert\/de\/reitstall-de-blinkert-2\/","title":{"rendered":"Reitstall De Blinkert"},"content":{"rendered":"<figure id=\"attachment_863\" aria-describedby=\"caption-attachment-863\" style=\"width: 220px\" class=\"wp-caption alignleft\"><a href=\"https:\/\/www.rijstaldeblinkert.nl\/wp-content\/uploads\/2019\/09\/strandrit-rijstal-de-blinkert-mark.jpeg\"><img loading=\"lazy\" decoding=\"async\" class=\"size-medium wp-image-863\" src=\"https:\/\/www.rijstaldeblinkert.nl\/wp-content\/uploads\/2019\/09\/strandrit-rijstal-de-blinkert-mark-220x275.jpeg\" alt=\"Strandritt Ameland Rijstal De Blinkert\" width=\"220\" height=\"275\" \/><\/a><figcaption id=\"caption-attachment-863\" class=\"wp-caption-text\">\u00a9 Jan Spoelstra<\/figcaption><\/figure>\n<h1><strong>Ameland: <em>Die <\/em>Pferdeinsel<\/strong><\/h1>\n<p>Ruhe, viel Platz und eine pr\u00e4chtige Natur. Es gibt nichts Besseres als diese Sch\u00f6nheit vom R\u00fccken des Pferdes aus zu entdecken!<\/p>\n<p>Reitstall De Blinkert wurde in 1969 gegr\u00fcndet, damals mit nur 4 Ponys. Im Laufe der Jahre ist unser Familienbetrieb immer weiter gewachsen und seit dem Sommer 2014 wird unser begeistertes Team von Mark Manje geleitet.<\/p>\n<p>Unsere Herde besteht mittlerweile aus einer bunten Mischung verschiedenster Rassen \u2013 vom Shetlandpony bis zum Friesen, vom Welsh-Pony bis zum Groninger, wir haben f\u00fcr jeden ein passendes Pferd.<\/p>\n<h1><strong>Wo wir zu finden sind<\/strong><\/h1>\n<p>Reitstall De Blinkert ist ganzj\u00e4hrig ge\u00f6ffnet.<\/p>\n<p>Unsere St\u00e4lle befinden sich mitten im Dorf Ballum an der Camminghastraat 13. In den Sommermonaten starten unsere Ritte an unsererm Sommerstandort, Strandweg 16, gegen\u00fcber des Flugplatzes.<\/p>\n<p>Um unsere Ritte nach Niveau einteilen zu k\u00f6nnen und die richtigen Pferde auszuw\u00e4hlen, muss man f\u00fcr die Ausritte einen Termin machen. Am Besten <a href=\"https:\/\/www.rijstaldeblinkert.nl\/rijstal-de-blinkert\/de\/kontaktformular-2\/\"><u>rufen Sie uns einfach an<\/u><\/a>, um einen Ritt zu buchen. Wir beraten Sie dann gerne zu den verschiedenen M\u00f6glichkeiten und planen den Ritt nach Ihren W\u00fcnschen ein.<\/p>\n<p>Bezahlen k\u00f6nnen Sie bei uns mit Karte oder in Bar, bevor der Ausritt beginnt. Unser <a href=\"https:\/\/www.rijstaldeblinkert.nl\/rijstal-de-blinkert\/de\/preise\/\"><u>Angebot und die Preise<\/u><\/a> finden Sie hier.<\/p>\n<p>Wir freuen uns darauf, Sie auf einem unserer Ausritte begr\u00fcssen zu d\u00fcrfen!<\/p>\n","protected":false},"excerpt":{"rendered":"<p>Die Pferdeinsel Ruhe, viel Platz und eine pr\u00e4chtige Natur. Es gibt nichts Besseres als diese Sch\u00f6nheit vom R\u00fccken des Pferdes aus zu entdecken! Reitstall De Blinkert wurde &#8230;<\/p>\n","protected":false},"author":1,"featured_media":1706,"parent":0,"menu_order":0,"comment_status":"closed","ping_status":"closed","template":"","meta":{"_exactmetrics_skip_tracking":false,"_exactmetrics_sitenote_active":false,"_exactmetrics_sitenote_note":"","_exactmetrics_sitenote_category":0,"footnotes":""},"class_list":["post-861","page","type-page","status-publish","has-post-thumbnail","czr-hentry"],"yoast_head":"<!-- This site is optimized with the Yoast SEO plugin v27.4 - https:\/\/yoast.com\/product\/yoast-seo-wordpress\/ -->\n<title>Reitstall De Blinkert - Rijstal De Blinkert<\/title>\n<meta name=\"description\" content=\"Wollten Sie schon immer mal Strand fahren? Dann sind Sie bei uns genau richtig. Wir organisieren Ausritte f\u00fcr Anf\u00e4nger und (halb-) Fortgeschrittene.\" \/>\n<meta name=\"robots\" content=\"index, follow, max-snippet:-1, max-image-preview:large, max-video-preview:-1\" \/>\n<link rel=\"canonical\" href=\"https:\/\/www.rijstaldeblinkert.nl\/rijstal-de-blinkert\/de\/reitstall-de-blinkert-2\/\" \/>\n<meta property=\"og:locale\" content=\"nl_NL\" \/>\n<meta property=\"og:type\" content=\"article\" \/>\n<meta property=\"og:title\" content=\"Reitstall De Blinkert - Rijstal De Blinkert\" \/>\n<meta property=\"og:description\" content=\"Wollten Sie schon immer mal Strand fahren? Dann sind Sie bei uns genau richtig. Wir organisieren Ausritte f\u00fcr Anf\u00e4nger und (halb-) Fortgeschrittene.\" \/>\n<meta property=\"og:url\" content=\"https:\/\/www.rijstaldeblinkert.nl\/rijstal-de-blinkert\/de\/reitstall-de-blinkert-2\/\" \/>\n<meta property=\"og:site_name\" content=\"Rijstal De Blinkert\" \/>\n<meta property=\"article:publisher\" content=\"https:\/\/www.facebook.com\/rijstaldeblinkert\/\" \/>\n<meta property=\"article:modified_time\" content=\"2025-01-26T19:56:51+00:00\" \/>\n<meta property=\"og:image\" content=\"https:\/\/www.rijstaldeblinkert.nl\/wp-content\/uploads\/2025\/01\/button-strand.jpg\" \/>\n\t<meta property=\"og:image:width\" content=\"300\" \/>\n\t<meta property=\"og:image:height\" content=\"300\" \/>\n\t<meta property=\"og:image:type\" content=\"image\/jpeg\" \/>\n<meta name=\"twitter:card\" content=\"summary_large_image\" \/>\n<meta name=\"twitter:label1\" content=\"Geschatte leestijd\" \/>\n\t<meta name=\"twitter:data1\" content=\"2 minuten\" \/>\n<script type=\"application\/ld+json\" class=\"yoast-schema-graph\">{\"@context\":\"https:\\\/\\\/schema.org\",\"@graph\":[{\"@type\":\"WebPage\",\"@id\":\"https:\\\/\\\/www.rijstaldeblinkert.nl\\\/rijstal-de-blinkert\\\/de\\\/reitstall-de-blinkert-2\\\/\",\"url\":\"https:\\\/\\\/www.rijstaldeblinkert.nl\\\/rijstal-de-blinkert\\\/de\\\/reitstall-de-blinkert-2\\\/\",\"name\":\"Reitstall De Blinkert - Rijstal De Blinkert\",\"isPartOf\":{\"@id\":\"https:\\\/\\\/www.rijstaldeblinkert.nl\\\/rijstal-de-blinkert\\\/#website\"},\"primaryImageOfPage\":{\"@id\":\"https:\\\/\\\/www.rijstaldeblinkert.nl\\\/rijstal-de-blinkert\\\/de\\\/reitstall-de-blinkert-2\\\/#primaryimage\"},\"image\":{\"@id\":\"https:\\\/\\\/www.rijstaldeblinkert.nl\\\/rijstal-de-blinkert\\\/de\\\/reitstall-de-blinkert-2\\\/#primaryimage\"},\"thumbnailUrl\":\"https:\\\/\\\/www.rijstaldeblinkert.nl\\\/wp-content\\\/uploads\\\/2025\\\/01\\\/button-strand.jpg\",\"datePublished\":\"2019-09-13T14:18:52+00:00\",\"dateModified\":\"2025-01-26T19:56:51+00:00\",\"description\":\"Wollten Sie schon immer mal Strand fahren? Dann sind Sie bei uns genau richtig. Wir organisieren Ausritte f\u00fcr Anf\u00e4nger und (halb-) Fortgeschrittene.\",\"breadcrumb\":{\"@id\":\"https:\\\/\\\/www.rijstaldeblinkert.nl\\\/rijstal-de-blinkert\\\/de\\\/reitstall-de-blinkert-2\\\/#breadcrumb\"},\"inLanguage\":\"nl-NL\",\"potentialAction\":[{\"@type\":\"ReadAction\",\"target\":[\"https:\\\/\\\/www.rijstaldeblinkert.nl\\\/rijstal-de-blinkert\\\/de\\\/reitstall-de-blinkert-2\\\/\"]}]},{\"@type\":\"ImageObject\",\"inLanguage\":\"nl-NL\",\"@id\":\"https:\\\/\\\/www.rijstaldeblinkert.nl\\\/rijstal-de-blinkert\\\/de\\\/reitstall-de-blinkert-2\\\/#primaryimage\",\"url\":\"https:\\\/\\\/www.rijstaldeblinkert.nl\\\/wp-content\\\/uploads\\\/2025\\\/01\\\/button-strand.jpg\",\"contentUrl\":\"https:\\\/\\\/www.rijstaldeblinkert.nl\\\/wp-content\\\/uploads\\\/2025\\\/01\\\/button-strand.jpg\",\"width\":300,\"height\":300},{\"@type\":\"BreadcrumbList\",\"@id\":\"https:\\\/\\\/www.rijstaldeblinkert.nl\\\/rijstal-de-blinkert\\\/de\\\/reitstall-de-blinkert-2\\\/#breadcrumb\",\"itemListElement\":[{\"@type\":\"ListItem\",\"position\":1,\"name\":\"Home\",\"item\":\"https:\\\/\\\/www.rijstaldeblinkert.nl\\\/rijstal-de-blinkert\\\/\"},{\"@type\":\"ListItem\",\"position\":2,\"name\":\"Reitstall De Blinkert\"}]},{\"@type\":\"WebSite\",\"@id\":\"https:\\\/\\\/www.rijstaldeblinkert.nl\\\/rijstal-de-blinkert\\\/#website\",\"url\":\"https:\\\/\\\/www.rijstaldeblinkert.nl\\\/rijstal-de-blinkert\\\/\",\"name\":\"Rijstal De Blinkert\",\"description\":\"Strandritten | Vakantiestalling\",\"publisher\":{\"@id\":\"https:\\\/\\\/www.rijstaldeblinkert.nl\\\/rijstal-de-blinkert\\\/#organization\"},\"potentialAction\":[{\"@type\":\"SearchAction\",\"target\":{\"@type\":\"EntryPoint\",\"urlTemplate\":\"https:\\\/\\\/www.rijstaldeblinkert.nl\\\/rijstal-de-blinkert\\\/?s={search_term_string}\"},\"query-input\":{\"@type\":\"PropertyValueSpecification\",\"valueRequired\":true,\"valueName\":\"search_term_string\"}}],\"inLanguage\":\"nl-NL\"},{\"@type\":\"Organization\",\"@id\":\"https:\\\/\\\/www.rijstaldeblinkert.nl\\\/rijstal-de-blinkert\\\/#organization\",\"name\":\"Rijstal De Blinkert\",\"url\":\"https:\\\/\\\/www.rijstaldeblinkert.nl\\\/rijstal-de-blinkert\\\/\",\"logo\":{\"@type\":\"ImageObject\",\"inLanguage\":\"nl-NL\",\"@id\":\"https:\\\/\\\/www.rijstaldeblinkert.nl\\\/rijstal-de-blinkert\\\/#\\\/schema\\\/logo\\\/image\\\/\",\"url\":\"https:\\\/\\\/www.rijstaldeblinkert.nl\\\/wp-content\\\/uploads\\\/2018\\\/09\\\/Rijstal-De-Blinkert-Ameland-Logo.jpg\",\"contentUrl\":\"https:\\\/\\\/www.rijstaldeblinkert.nl\\\/wp-content\\\/uploads\\\/2018\\\/09\\\/Rijstal-De-Blinkert-Ameland-Logo.jpg\",\"width\":600,\"height\":600,\"caption\":\"Rijstal De Blinkert\"},\"image\":{\"@id\":\"https:\\\/\\\/www.rijstaldeblinkert.nl\\\/rijstal-de-blinkert\\\/#\\\/schema\\\/logo\\\/image\\\/\"},\"sameAs\":[\"https:\\\/\\\/www.facebook.com\\\/rijstaldeblinkert\\\/\",\"https:\\\/\\\/www.instagram.com\\\/rijstaldeblinkert\\\/\"]}]}<\/script>\n<!-- \/ Yoast SEO plugin. -->","yoast_head_json":{"title":"Reitstall De Blinkert - Rijstal De Blinkert","description":"Wollten Sie schon immer mal Strand fahren? Dann sind Sie bei uns genau richtig. Wir organisieren Ausritte f\u00fcr Anf\u00e4nger und (halb-) Fortgeschrittene.","robots":{"index":"index","follow":"follow","max-snippet":"max-snippet:-1","max-image-preview":"max-image-preview:large","max-video-preview":"max-video-preview:-1"},"canonical":"https:\/\/www.rijstaldeblinkert.nl\/rijstal-de-blinkert\/de\/reitstall-de-blinkert-2\/","og_locale":"nl_NL","og_type":"article","og_title":"Reitstall De Blinkert - Rijstal De Blinkert","og_description":"Wollten Sie schon immer mal Strand fahren? Dann sind Sie bei uns genau richtig. Wir organisieren Ausritte f\u00fcr Anf\u00e4nger und (halb-) Fortgeschrittene.","og_url":"https:\/\/www.rijstaldeblinkert.nl\/rijstal-de-blinkert\/de\/reitstall-de-blinkert-2\/","og_site_name":"Rijstal De Blinkert","article_publisher":"https:\/\/www.facebook.com\/rijstaldeblinkert\/","article_modified_time":"2025-01-26T19:56:51+00:00","og_image":[{"width":300,"height":300,"url":"https:\/\/www.rijstaldeblinkert.nl\/wp-content\/uploads\/2025\/01\/button-strand.jpg","type":"image\/jpeg"}],"twitter_card":"summary_large_image","twitter_misc":{"Geschatte leestijd":"2 minuten"},"schema":{"@context":"https:\/\/schema.org","@graph":[{"@type":"WebPage","@id":"https:\/\/www.rijstaldeblinkert.nl\/rijstal-de-blinkert\/de\/reitstall-de-blinkert-2\/","url":"https:\/\/www.rijstaldeblinkert.nl\/rijstal-de-blinkert\/de\/reitstall-de-blinkert-2\/","name":"Reitstall De Blinkert - Rijstal De Blinkert","isPartOf":{"@id":"https:\/\/www.rijstaldeblinkert.nl\/rijstal-de-blinkert\/#website"},"primaryImageOfPage":{"@id":"https:\/\/www.rijstaldeblinkert.nl\/rijstal-de-blinkert\/de\/reitstall-de-blinkert-2\/#primaryimage"},"image":{"@id":"https:\/\/www.rijstaldeblinkert.nl\/rijstal-de-blinkert\/de\/reitstall-de-blinkert-2\/#primaryimage"},"thumbnailUrl":"https:\/\/www.rijstaldeblinkert.nl\/wp-content\/uploads\/2025\/01\/button-strand.jpg","datePublished":"2019-09-13T14:18:52+00:00","dateModified":"2025-01-26T19:56:51+00:00","description":"Wollten Sie schon immer mal Strand fahren? Dann sind Sie bei uns genau richtig. Wir organisieren Ausritte f\u00fcr Anf\u00e4nger und (halb-) Fortgeschrittene.","breadcrumb":{"@id":"https:\/\/www.rijstaldeblinkert.nl\/rijstal-de-blinkert\/de\/reitstall-de-blinkert-2\/#breadcrumb"},"inLanguage":"nl-NL","potentialAction":[{"@type":"ReadAction","target":["https:\/\/www.rijstaldeblinkert.nl\/rijstal-de-blinkert\/de\/reitstall-de-blinkert-2\/"]}]},{"@type":"ImageObject","inLanguage":"nl-NL","@id":"https:\/\/www.rijstaldeblinkert.nl\/rijstal-de-blinkert\/de\/reitstall-de-blinkert-2\/#primaryimage","url":"https:\/\/www.rijstaldeblinkert.nl\/wp-content\/uploads\/2025\/01\/button-strand.jpg","contentUrl":"https:\/\/www.rijstaldeblinkert.nl\/wp-content\/uploads\/2025\/01\/button-strand.jpg","width":300,"height":300},{"@type":"BreadcrumbList","@id":"https:\/\/www.rijstaldeblinkert.nl\/rijstal-de-blinkert\/de\/reitstall-de-blinkert-2\/#breadcrumb","itemListElement":[{"@type":"ListItem","position":1,"name":"Home","item":"https:\/\/www.rijstaldeblinkert.nl\/rijstal-de-blinkert\/"},{"@type":"ListItem","position":2,"name":"Reitstall De Blinkert"}]},{"@type":"WebSite","@id":"https:\/\/www.rijstaldeblinkert.nl\/rijstal-de-blinkert\/#website","url":"https:\/\/www.rijstaldeblinkert.nl\/rijstal-de-blinkert\/","name":"Rijstal De Blinkert","description":"Strandritten | Vakantiestalling","publisher":{"@id":"https:\/\/www.rijstaldeblinkert.nl\/rijstal-de-blinkert\/#organization"},"potentialAction":[{"@type":"SearchAction","target":{"@type":"EntryPoint","urlTemplate":"https:\/\/www.rijstaldeblinkert.nl\/rijstal-de-blinkert\/?s={search_term_string}"},"query-input":{"@type":"PropertyValueSpecification","valueRequired":true,"valueName":"search_term_string"}}],"inLanguage":"nl-NL"},{"@type":"Organization","@id":"https:\/\/www.rijstaldeblinkert.nl\/rijstal-de-blinkert\/#organization","name":"Rijstal De Blinkert","url":"https:\/\/www.rijstaldeblinkert.nl\/rijstal-de-blinkert\/","logo":{"@type":"ImageObject","inLanguage":"nl-NL","@id":"https:\/\/www.rijstaldeblinkert.nl\/rijstal-de-blinkert\/#\/schema\/logo\/image\/","url":"https:\/\/www.rijstaldeblinkert.nl\/wp-content\/uploads\/2018\/09\/Rijstal-De-Blinkert-Ameland-Logo.jpg","contentUrl":"https:\/\/www.rijstaldeblinkert.nl\/wp-content\/uploads\/2018\/09\/Rijstal-De-Blinkert-Ameland-Logo.jpg","width":600,"height":600,"caption":"Rijstal De Blinkert"},"image":{"@id":"https:\/\/www.rijstaldeblinkert.nl\/rijstal-de-blinkert\/#\/schema\/logo\/image\/"},"sameAs":["https:\/\/www.facebook.com\/rijstaldeblinkert\/","https:\/\/www.instagram.com\/rijstaldeblinkert\/"]}]}},"_links":{"self":[{"href":"https:\/\/www.rijstaldeblinkert.nl\/rijstal-de-blinkert\/wp-json\/wp\/v2\/pages\/861","targetHints":{"allow":["GET"]}}],"collection":[{"href":"https:\/\/www.rijstaldeblinkert.nl\/rijstal-de-blinkert\/wp-json\/wp\/v2\/pages"}],"about":[{"href":"https:\/\/www.rijstaldeblinkert.nl\/rijstal-de-blinkert\/wp-json\/wp\/v2\/types\/page"}],"author":[{"embeddable":true,"href":"https:\/\/www.rijstaldeblinkert.nl\/rijstal-de-blinkert\/wp-json\/wp\/v2\/users\/1"}],"replies":[{"embeddable":true,"href":"https:\/\/www.rijstaldeblinkert.nl\/rijstal-de-blinkert\/wp-json\/wp\/v2\/comments?post=861"}],"version-history":[{"count":6,"href":"https:\/\/www.rijstaldeblinkert.nl\/rijstal-de-blinkert\/wp-json\/wp\/v2\/pages\/861\/revisions"}],"predecessor-version":[{"id":1719,"href":"https:\/\/www.rijstaldeblinkert.nl\/rijstal-de-blinkert\/wp-json\/wp\/v2\/pages\/861\/revisions\/1719"}],"wp:featuredmedia":[{"embeddable":true,"href":"https:\/\/www.rijstaldeblinkert.nl\/rijstal-de-blinkert\/wp-json\/wp\/v2\/media\/1706"}],"wp:attachment":[{"href":"https:\/\/www.rijstaldeblinkert.nl\/rijstal-de-blinkert\/wp-json\/wp\/v2\/media?parent=861"}],"curies":[{"name":"wp","href":"https:\/\/api.w.org\/{rel}","templated":true}]}}